{"id":543,"date":"2024-03-27T11:25:29","date_gmt":"2024-03-27T11:25:29","guid":{"rendered":"https:\/\/sanferclean1.4vlab.org\/?post_type=product&#038;p=543"},"modified":"2024-04-16T07:13:10","modified_gmt":"2024-04-16T07:13:10","slug":"maquina-de-limpieza-ecologica","status":"publish","type":"product","link":"https:\/\/sanferclean1.4vlab.org\/?product=maquina-de-limpieza-ecologica","title":{"rendered":"M\u00c1QUINA DE LIMPIEZA ECOL\u00d3GICA"},"content":{"rendered":"<p class=\"cvGsUA direction-ltr align-center para-style-body\"><span class=\"OYPEnA text-decoration-none text-strikethrough-none\">M\u00e1quina de limpieza sin agua<\/span><\/p>\n<p class=\"cvGsUA direction-ltr align-center para-style-body\"><span class=\"OYPEnA text-decoration-none text-strikethrough-none\">De alta presi\u00f3n<\/span><\/p>\n<p class=\"cvGsUA direction-ltr align-center para-style-body\"><span class=\"OYPEnA text-decoration-none text-strikethrough-none\">No contiene qu\u00edmicos<\/span><\/p>\n","protected":false},"excerpt":{"rendered":"<p>M\u00e1quina de limpieza sin agua De alta presi\u00f3n No contiene qu\u00edmicos<\/p>\n","protected":false},"featured_media":598,"comment_status":"open","ping_status":"closed","template":"","meta":[],"product_cat":[70],"product_tag":[],"_links":{"self":[{"href":"https:\/\/sanferclean1.4vlab.org\/index.php?rest_route=\/wp\/v2\/product\/543"}],"collection":[{"href":"https:\/\/sanferclean1.4vlab.org\/index.php?rest_route=\/wp\/v2\/product"}],"about":[{"href":"https:\/\/sanferclean1.4vlab.org\/index.php?rest_route=\/wp\/v2\/types\/product"}],"replies":[{"embeddable":true,"href":"https:\/\/sanferclean1.4vlab.org\/index.php?rest_route=%2Fwp%2Fv2%2Fcomments&post=543"}],"wp:featuredmedia":[{"embeddable":true,"href":"https:\/\/sanferclean1.4vlab.org\/index.php?rest_route=\/wp\/v2\/media\/598"}],"wp:attachment":[{"href":"https:\/\/sanferclean1.4vlab.org\/index.php?rest_route=%2Fwp%2Fv2%2Fmedia&parent=543"}],"wp:term":[{"taxonomy":"product_cat","embeddable":true,"href":"https:\/\/sanferclean1.4vlab.org\/index.php?rest_route=%2Fwp%2Fv2%2Fproduct_cat&post=543"},{"taxonomy":"product_tag","embeddable":true,"href":"https:\/\/sanferclean1.4vlab.org\/index.php?rest_route=%2Fwp%2Fv2%2Fproduct_tag&post=543"}],"curies":[{"name":"wp","href":"https:\/\/api.w.org\/{rel}","templated":true}]}}