{"id":544,"date":"2024-03-27T11:28:00","date_gmt":"2024-03-27T11:28:00","guid":{"rendered":"https:\/\/sanferclean1.4vlab.org\/?post_type=product&#038;p=544"},"modified":"2024-04-16T07:03:14","modified_gmt":"2024-04-16T07:03:14","slug":"limpia-desagues","status":"publish","type":"product","link":"https:\/\/sanferclean1.4vlab.org\/?product=limpia-desagues","title":{"rendered":"LIMPIA DESAGUES"},"content":{"rendered":"<p><span class=\"OYPEnA text-decoration-none text-strikethrough-none\">M\u00e1quina de Limpieza de Alta Presi\u00f3n 230 V, 50 Hz, de Drenaje en Espiral GQ-100 con Accionamiento El\u00e9ctrico de 390 W, M\u00e1quina Excavadora de Tuber\u00edas<\/span><\/p>\n","protected":false},"excerpt":{"rendered":"<p>M\u00e1quina de Limpieza de Alta Presi\u00f3n 230 V, 50 Hz, de Drenaje en Espiral GQ-100 con Accionamiento El\u00e9ctrico de 390 W, M\u00e1quina Excavadora de Tuber\u00edas<\/p>\n","protected":false},"featured_media":597,"comment_status":"open","ping_status":"closed","template":"","meta":[],"product_cat":[70],"product_tag":[],"_links":{"self":[{"href":"https:\/\/sanferclean1.4vlab.org\/index.php?rest_route=\/wp\/v2\/product\/544"}],"collection":[{"href":"https:\/\/sanferclean1.4vlab.org\/index.php?rest_route=\/wp\/v2\/product"}],"about":[{"href":"https:\/\/sanferclean1.4vlab.org\/index.php?rest_route=\/wp\/v2\/types\/product"}],"replies":[{"embeddable":true,"href":"https:\/\/sanferclean1.4vlab.org\/index.php?rest_route=%2Fwp%2Fv2%2Fcomments&post=544"}],"wp:featuredmedia":[{"embeddable":true,"href":"https:\/\/sanferclean1.4vlab.org\/index.php?rest_route=\/wp\/v2\/media\/597"}],"wp:attachment":[{"href":"https:\/\/sanferclean1.4vlab.org\/index.php?rest_route=%2Fwp%2Fv2%2Fmedia&parent=544"}],"wp:term":[{"taxonomy":"product_cat","embeddable":true,"href":"https:\/\/sanferclean1.4vlab.org\/index.php?rest_route=%2Fwp%2Fv2%2Fproduct_cat&post=544"},{"taxonomy":"product_tag","embeddable":true,"href":"https:\/\/sanferclean1.4vlab.org\/index.php?rest_route=%2Fwp%2Fv2%2Fproduct_tag&post=544"}],"curies":[{"name":"wp","href":"https:\/\/api.w.org\/{rel}","templated":true}]}}