{"id":550,"date":"2024-03-27T11:37:37","date_gmt":"2024-03-27T11:37:37","guid":{"rendered":"https:\/\/sanferclean1.4vlab.org\/?post_type=product&#038;p=550"},"modified":"2024-04-16T06:49:12","modified_gmt":"2024-04-16T06:49:12","slug":"escobas-de-barrer-hechas-de-bambu","status":"publish","type":"product","link":"https:\/\/sanferclean1.4vlab.org\/?product=escobas-de-barrer-hechas-de-bambu","title":{"rendered":"ESCOBAS DE BARRER HECHAS DE BAMB\u00da"},"content":{"rendered":"<p class=\"cvGsUA direction-ltr align-center para-style-body\"><span class=\"OYPEnA text-decoration-none text-strikethrough-none\">Apuesta por la sostenibilidad y la protecci\u00f3n del medio ambiente.<\/span><span class=\"OYPEnA text-decoration-none text-strikethrough-none white-space-prewrap\"> <\/span><\/p>\n<p class=\"cvGsUA direction-ltr align-center para-style-body\"><span class=\"OYPEnA text-decoration-none text-strikethrough-none\">Fabricadas con bamb\u00fa, reduciendo as\u00ed las emisiones de CO2 y los gases de efecto invernadero.<\/span><\/p>\n","protected":false},"excerpt":{"rendered":"<p>Apuesta por la sostenibilidad y la protecci\u00f3n del medio ambiente. Fabricadas con bamb\u00fa, reduciendo as\u00ed las emisiones de CO2 y los gases de efecto invernadero.<\/p>\n","protected":false},"featured_media":577,"comment_status":"open","ping_status":"closed","template":"","meta":[],"product_cat":[51],"product_tag":[],"_links":{"self":[{"href":"https:\/\/sanferclean1.4vlab.org\/index.php?rest_route=\/wp\/v2\/product\/550"}],"collection":[{"href":"https:\/\/sanferclean1.4vlab.org\/index.php?rest_route=\/wp\/v2\/product"}],"about":[{"href":"https:\/\/sanferclean1.4vlab.org\/index.php?rest_route=\/wp\/v2\/types\/product"}],"replies":[{"embeddable":true,"href":"https:\/\/sanferclean1.4vlab.org\/index.php?rest_route=%2Fwp%2Fv2%2Fcomments&post=550"}],"wp:featuredmedia":[{"embeddable":true,"href":"https:\/\/sanferclean1.4vlab.org\/index.php?rest_route=\/wp\/v2\/media\/577"}],"wp:attachment":[{"href":"https:\/\/sanferclean1.4vlab.org\/index.php?rest_route=%2Fwp%2Fv2%2Fmedia&parent=550"}],"wp:term":[{"taxonomy":"product_cat","embeddable":true,"href":"https:\/\/sanferclean1.4vlab.org\/index.php?rest_route=%2Fwp%2Fv2%2Fproduct_cat&post=550"},{"taxonomy":"product_tag","embeddable":true,"href":"https:\/\/sanferclean1.4vlab.org\/index.php?rest_route=%2Fwp%2Fv2%2Fproduct_tag&post=550"}],"curies":[{"name":"wp","href":"https:\/\/api.w.org\/{rel}","templated":true}]}}